{"id":23,"date":"2015-10-03T20:18:18","date_gmt":"2015-10-03T20:18:18","guid":{"rendered":"http:\/\/totaltheme.wpengine.com\/corporate\/?page_id=23"},"modified":"2024-04-07T18:32:40","modified_gmt":"2024-04-07T18:32:40","slug":"pricing","status":"publish","type":"page","link":"https:\/\/www.elmernapkozi.hu\/index.php\/pricing\/","title":{"rendered":"\u00c1raink"},"content":{"rendered":"<section class=\"wpb-content-wrapper\">[vc_row css=&#8221;.vc_custom_1520022203893{margin-bottom: 20px !important;padding-top: 20px !important;}&#8221;][vc_column]<div class=\"vcex-heading vcex-module wpex-text-2xl wpex-font-normal wpex-m-auto wpex-max-w-100 vcex-heading-bottom-border wpex-block wpex-text-center vc_custom_1615047623033 wpex-border-b wpex-border-solid wpex-border-main\"><span class=\"vcex-heading-inner wpex-inline-block wpex-clr\">\u00c1raink: (\u00e9tkez\u00e9ssel egy\u00fctt)<\/span><\/div><div class=\"vcex-spacing wpex-w-100 wpex-clear\" style=\"height:10px\"><\/div><div class=\"vcex-module vcex-divider vcex-divider-solid wpex-max-w-100 wpex-mx-auto wpex-block wpex-h-0 wpex-border-b wpex-border-solid wpex-border-gray-200\" style=\"width:80px;border-bottom-width:3px;border-color:#83c132;\"><\/div><div class=\"vcex-spacing wpex-w-100 wpex-clear\" style=\"height:30px\"><\/div>[vc_column_text width=&#8221;700px&#8221; css=&#8221;.vc_custom_1615049254485{margin-right: 50px !important;margin-left: 255px !important;}&#8221; text_align=&#8221;center&#8221;]\n<h2 style=\"text-align: center;\"><strong>Havi teljes napos ell\u00e1t\u00e1s heti 5 nap<\/strong><\/h2>\n<p style=\"text-align: center;\">Heti 5 nap eset\u00e9n: 90.000.-Ft \/ h\u00f3<\/p>\n<p style=\"text-align: center;\">Heti 4 nap eset\u00e9n: 85.000.-Ft\/ h\u00f3<br \/>\nHeti 3 nap est\u00e9n: 80.000.- Ft\/ h\u00f3<\/p>\n<h2 style=\"text-align: center;\">\n<strong>Havi f\u00e9lnapos ell\u00e1t\u00e1s<\/strong><br \/>\n(napi h\u00e1romszori \u00e9tkez\u00e9s)<br \/>\n7.30 \u00f3r\u00e1t\u00f3l 12.30-ig<\/h2>\n<p style=\"text-align: center;\">Havi f\u00e9lnapos ell\u00e1t\u00e1s heti 5 alkalommal: 80.000.- Ft<\/p>\n<p style=\"text-align: center;\">Havi f\u00e9lnapos ell\u00e1t\u00e1s heti 4 alkalommal: 75.000.-Ft<\/p>\n<p style=\"text-align: center;\">Havi f\u00e9lnapos ell\u00e1t\u00e1s heti 3 alkalommal: 70.000.-Ft<\/p>\n<h3 style=\"text-align: center;\"><strong>A t\u00e9r\u00edt\u00e9si d\u00edj minden h\u00f3napban fizetend\u0151 f\u00fcggetlen\u00fcl a gyermek esetleges hi\u00e1nyz\u00e1s\u00e1t\u00f3l.<\/strong><\/h3>\n<h2><\/h2>\n<h2 style=\"text-align: center;\"><strong>Alkalmi d\u00edjak:<\/strong><\/h2>\n<p style=\"text-align: center;\">Eg\u00e9sz napra: 7.000.-Ft\/ alkalom<br \/>\nF\u00e9l napra: 6.000.-Ft\/ alkalom<\/p>\n<p style=\"text-align: center;\">\u00dcgyeletid\u00edj: 17.00 \u00f3ra ut\u00e1n (minden megkezdett \u00f3ra): 2.500.-Ft\/ \u00f3ra<\/p>\n<h2 style=\"text-align: center;\"><strong>\u00c9tkez\u00e9si d\u00edj: <\/strong><\/h2>\n<p style=\"text-align: center;\">Eg\u00e9sz napra (n\u00e9gyszeri \u00e9tkez\u00e9s): 900.-Ft\/ nap<br \/>\nF\u00e9l napra (h\u00e1romszori \u00e9tkez\u00e9s): 800.-Ft\/ nap<\/p>\n<p style=\"text-align: center;\">Hi\u00e1nyz\u00e1s eset\u00e9n az \u00e9tkez\u00e9si d\u00edjat j\u00f3v\u00e1 \u00edrjuk a k\u00f6vetkez\u0151 h\u00f3napban amennyiben a t\u00e1rgy napot megel\u0151z\u0151 nap 9 \u00f3r\u00e1ig lemondj\u00e1k az \u00e9tkez\u00e9st.<\/p>\n<p style=\"text-align: center;\">Az eb\u00e9det az Eg\u00e9szs\u00e9gkonyha Kft. sz\u00e1ll\u00edtja.<\/p>\n<p style=\"text-align: center;\">A megjel\u00f6lt \u00e1rak brutt\u00f3 \u00e1rak. Az \u00e1rv\u00e1ltoztat\u00e1s jog\u00e1t fenntartjuk.<\/p>\n<p>&nbsp;<\/p>\n<\/section>","protected":false},"excerpt":{"rendered":"<p>[vc_row css=&#8221;.vc_custom_1520022203893{margin-bottom: 20px !important;padding-top: 20px !important;}&#8221;][vc_column][vc_column_text width=&#8221;700px&#8221; css=&#8221;.vc_custom_1615049254485{margin-right: 50px !important;margin-left: 255px !important;}&#8221; text_align=&#8221;center&#8221;] Havi teljes napos ell\u00e1t\u00e1s heti 5 nap Heti 5 nap eset\u00e9n: 90.000.-Ft \/ h\u00f3 Heti 4 nap eset\u00e9n: 85.000.-Ft\/ h\u00f3 Heti 3 nap est\u00e9n: 80.000.- Ft\/ h\u00f3 Havi f\u00e9lnapos ell\u00e1t\u00e1s (napi h\u00e1romszori \u00e9tkez\u00e9s) 7.30 \u00f3r\u00e1t\u00f3l 12.30-ig Havi f\u00e9lnapos ell\u00e1t\u00e1s heti 5 alkalommal:&hellip;<\/p>\n","protected":false},"author":1,"featured_media":0,"parent":0,"menu_order":0,"comment_status":"closed","ping_status":"closed","template":"","meta":{"footnotes":""},"class_list":["post-23","page","type-page","status-publish","hentry","entry","no-media"],"_links":{"self":[{"href":"https:\/\/www.elmernapkozi.hu\/index.php\/wp-json\/wp\/v2\/pages\/23","targetHints":{"allow":["GET"]}}],"collection":[{"href":"https:\/\/www.elmernapkozi.hu\/index.php\/wp-json\/wp\/v2\/pages"}],"about":[{"href":"https:\/\/www.elmernapkozi.hu\/index.php\/wp-json\/wp\/v2\/types\/page"}],"author":[{"embeddable":true,"href":"https:\/\/www.elmernapkozi.hu\/index.php\/wp-json\/wp\/v2\/users\/1"}],"replies":[{"embeddable":true,"href":"https:\/\/www.elmernapkozi.hu\/index.php\/wp-json\/wp\/v2\/comments?post=23"}],"version-history":[{"count":14,"href":"https:\/\/www.elmernapkozi.hu\/index.php\/wp-json\/wp\/v2\/pages\/23\/revisions"}],"predecessor-version":[{"id":221,"href":"https:\/\/www.elmernapkozi.hu\/index.php\/wp-json\/wp\/v2\/pages\/23\/revisions\/221"}],"wp:attachment":[{"href":"https:\/\/www.elmernapkozi.hu\/index.php\/wp-json\/wp\/v2\/media?parent=23"}],"curies":[{"name":"wp","href":"https:\/\/api.w.org\/{rel}","templated":true}]}}